{"id":1894,"date":"2023-12-11T09:00:54","date_gmt":"2023-12-11T09:00:54","guid":{"rendered":"https:\/\/anchor-guitars.com\/?page_id=1894"},"modified":"2023-12-11T09:02:45","modified_gmt":"2023-12-11T09:02:45","slug":"impressum","status":"publish","type":"page","link":"https:\/\/anchor-guitars.com\/?page_id=1894","title":{"rendered":"Impressum"},"content":{"rendered":"<section  class='av_textblock_section av-lq0oolqf-5de19a36a250fd6865295ce9001d3cab'  itemscope=\"itemscope\" itemtype=\"https:\/\/schema.org\/CreativeWork\" ><div class='avia_textblock'  itemprop=\"text\" ><section class=\"av_textblock_section av-lnu8b4w2-b0b7ee9a5b90add1ade465a309fb6154\">\n<div class=\"avia_textblock av_inherit_color\">\n<p><strong>ANCHOR GUITARS<\/strong> ist eine eingetragene Marke der<\/p>\n<p><strong>TRIUS Vertrieb GmbH und Co. KG <\/strong><br \/>\nGildestrasse 2<br \/>\nD-49477 Ibbenb\u00fcren<br \/>\nTelefon: +49 5451 9408-0<br \/>\nTelefax: +49 5451 9408-991<br \/>\nE-Mail: info@trius-vertrieb.de<br \/>\nInternet: www.trius-vertrieb.de<\/p>\n<p>Pers\u00f6nlich haftende Gesellschafterin: TRIUS GmbH<br \/>\nVertretungsberechtigter Gesch\u00e4ftsf\u00fchrer: Dipl.-Ing. Hubert Dierselhuis und Kai B\u00f6ckmann<br \/>\nRegistergericht: Amtsgericht Steinfurt Registernummer: HRA 4207 \u2013 HRB 5720<br \/>\nUmsatzsteuer-Identifikationsnummer: DE 812611765<br \/>\nSteuernummer: 327 5784 0622 215711 0206<br \/>\nIBAN: DE77403400300213313000<br \/>\nWEEE-Reg.-Nr. DE85553655<br \/>\nInhaltlich Verantwortliche: Dipl.-Ing. Hubert Dierselhuis, Kai B\u00f6ckmann<br \/>\nS\u00e4mtliche Daten, Texte und Produktbilder sind Eigentum von TRIUS Vertrieb GmbH und CO. KG.<\/p>\n<p>Informationen zur Online-Streitbeilegung: Die EU-Kommission wird im ersten Quartal 2016 eine Internetplattform zur Online- Beilegung von Streitigkeiten (sog. \u201eOS-Plattform\u201c) bereitstellen. Die OS-Plattform soll als Anlaufstelle zur au\u00dfergerichtlichen Beilegung von Streitigkeiten betreffend vertragliche Verpflichtungen, die aus Online-Kaufvertr\u00e4gen erwachsen, dienen. Die OS-Plattform wird unter folgendem Link erreichbar sein: <a href=\"http:\/\/ec.europa.eu\/consumers\/odr\">http:\/\/ec.europa.eu\/consumers\/odr<\/a><\/p>\n<\/div>\n<\/section>\n<\/div><\/section>\n","protected":false},"excerpt":{"rendered":"","protected":false},"author":1,"featured_media":0,"parent":0,"menu_order":0,"comment_status":"closed","ping_status":"closed","template":"","meta":{"footnotes":""},"class_list":["post-1894","page","type-page","status-publish","hentry"],"_links":{"self":[{"href":"https:\/\/anchor-guitars.com\/index.php?rest_route=\/wp\/v2\/pages\/1894"}],"collection":[{"href":"https:\/\/anchor-guitars.com\/index.php?rest_route=\/wp\/v2\/pages"}],"about":[{"href":"https:\/\/anchor-guitars.com\/index.php?rest_route=\/wp\/v2\/types\/page"}],"author":[{"embeddable":true,"href":"https:\/\/anchor-guitars.com\/index.php?rest_route=\/wp\/v2\/users\/1"}],"replies":[{"embeddable":true,"href":"https:\/\/anchor-guitars.com\/index.php?rest_route=%2Fwp%2Fv2%2Fcomments&post=1894"}],"version-history":[{"count":1,"href":"https:\/\/anchor-guitars.com\/index.php?rest_route=\/wp\/v2\/pages\/1894\/revisions"}],"predecessor-version":[{"id":1895,"href":"https:\/\/anchor-guitars.com\/index.php?rest_route=\/wp\/v2\/pages\/1894\/revisions\/1895"}],"wp:attachment":[{"href":"https:\/\/anchor-guitars.com\/index.php?rest_route=%2Fwp%2Fv2%2Fmedia&parent=1894"}],"curies":[{"name":"wp","href":"https:\/\/api.w.org\/{rel}","templated":true}]}}